{"id":1224,"date":"2018-01-31T19:12:55","date_gmt":"2018-01-31T19:12:55","guid":{"rendered":"http:\/\/comsaude.unb.br\/?page_id=1224"},"modified":"2018-02-01T14:03:35","modified_gmt":"2018-02-01T14:03:35","slug":"sobre-o-v-comsaude","status":"publish","type":"page","link":"http:\/\/comsaude.unb.br\/?page_id=1224","title":{"rendered":"SOBRE O V COMSA\u00daDE"},"content":{"rendered":"<p style=\"text-align: justify;\"><span style=\"font-family: 'Georgia','serif'; color: #333333;\">V CONGRESSO INTERNACIONAL DE COMUNICA\u00c7\u00c3O EM SA\u00daDE COMSA\u00daDE \u2013 A COMUNICA\u00c7\u00c3O DE RISCO NO SETOR SA\u00daDE<\/span><\/p>\n<p style=\"text-align: justify;\"><img loading=\"lazy\" decoding=\"async\" class=\" size-full wp-image-1211 aligncenter\" src=\"http:\/\/comsaude.unb.br\/wp-content\/uploads\/2018\/01\/ComRisco-CAPA-FACEBOOK-01.png\" alt=\"ComRisco CAPA FACEBOOK-01\" width=\"820\" height=\"312\" srcset=\"http:\/\/comsaude.unb.br\/wp-content\/uploads\/2018\/01\/ComRisco-CAPA-FACEBOOK-01.png 820w, http:\/\/comsaude.unb.br\/wp-content\/uploads\/2018\/01\/ComRisco-CAPA-FACEBOOK-01-300x114.png 300w\" sizes=\"auto, (max-width: 820px) 100vw, 820px\" \/><\/p>\n<p style=\"text-align: justify;\"><span style=\"font-family: Georgia, serif; color: #000000;\">Entre os dias 26 e 29 de mar\u00e7o deste ano a Faculdade de Ci\u00eancias da Sa\u00fade da Universidade de Bras\u00edlia (<span style=\"color: #3366ff;\"><a style=\"color: #3366ff;\" href=\"https:\/\/fs.unb.br\/\" target=\"_blank\">FS<\/a><\/span>\/<span style=\"color: #3366ff;\"><a style=\"color: #3366ff;\" href=\"https:\/\/unb.br\/\" target=\"_blank\">UnB<\/a><\/span>) realizar\u00e1, por interm\u00e9dio do Laborat\u00f3rio de Educa\u00e7\u00e3o, Informa\u00e7\u00e3o e Comunica\u00e7\u00e3o em Sa\u00fade (<span style=\"color: #3366ff;\"><a style=\"color: #3366ff;\" href=\"http:\/\/ECOS.UNB.BR\" target=\"_blank\">ECOS<\/a><\/span>), o\u00a0<strong style=\"font-style: inherit;\"><span style=\"font-family: 'Georgia','serif';\">V Encontro Internacional de Comunica\u00e7\u00e3o em Sa\u00fade (V ComSa\u00fade)<\/span><\/strong>. O tema desta edi\u00e7\u00e3o \u00e9 \u201cSa\u00fade: Comunica\u00e7\u00e3o em Situa\u00e7\u00e3o de Risco\u201d e toda a comunidade acad\u00eamica e demais interessados pelo tema s\u00e3o convidados a participar do encontro.<\/span><\/p>\n<p style=\"font-variant-ligatures: normal; font-variant-caps: normal; orphans: 2; widows: 2; -webkit-text-stroke-width: 0px; word-spacing: 0px; text-align: justify;\"><span style=\"font-family: Georgia, serif; color: #000000;\">As \u00faltimas articula\u00e7\u00f5es da programa\u00e7\u00e3o est\u00e3o sendo ajustadas e ser\u00e3o divulgadas em breve. As inscri\u00e7\u00f5es do V COMSA\u00daDE s\u00e3o gratuitas e podem ser realizadas acessando <span style=\"color: #3366ff;\"><a style=\"color: #3366ff;\" href=\"https:\/\/fs.unb.br\/questionario\/index.php\/192715\/lang-pt-BR\" target=\"_blank\">este<\/a><\/span>\u00a0Formul\u00e1rio de Inscri\u00e7\u00e3o.\u00a0\u00a0Todos os participantes receber\u00e3o certificados digitalizados.<\/span><\/p>\n<p style=\"text-align: justify;\"><span style=\"font-family: Georgia, serif; color: #000000;\">Esse evento \u00e9 uma das atividades proporcionadas pela disciplina de Comunica\u00e7\u00e3o em Sa\u00fade, surgida em 2009, ministrada pela professora\u00a0Dra. Ana Val\u00e9ria Machado Mendon\u00e7a, que tamb\u00e9m coordena o encontro, bem como o Laborat\u00f3rio ECOS. Estudantes da FS e da Faculdade de Ceil\u00e2ndia (<span style=\"color: #3366ff;\"><a style=\"color: #3366ff;\" href=\"http:\/\/fce.unb.br\/\" target=\"_blank\">FCE<\/a><\/span>), ambas da UnB, est\u00e3o envolvidos na atividade.<\/span><\/p>\n<p style=\"text-align: justify;\"><span style=\"font-family: Georgia, serif; color: #000000;\">A coordena\u00e7\u00e3o geral do V COMSA\u00daDE conta com o participa\u00e7\u00e3o das seguintes pesquisadoras do ECOS: a professora do Departamento de Sa\u00fade Coletiva da UnB da Faculdade de Ceil\u00e2ndia, a Msc. Elizabeth Prado, a sanitarista especializada em direito sanit\u00e1rio, Luana Dias e as mestrandas em Sa\u00fade Coletiva, Priscila Brito e Nat\u00e1lia Fernandes.<\/span><\/p>\n<p style=\"text-align: justify;\"><span style=\"color: #000000;\">Nesta edi\u00e7\u00e3o, os participantes poder\u00e3o encaminhar estudos e experi\u00eancias nas modalidades de Comunica\u00e7\u00e3o Oral Curta ou Resumo Expandido, os quais ser\u00e3o publicados nos anais do congresso. Algumas das tem\u00e1ticas dessa edi\u00e7\u00e3o s\u00e3o: comunica\u00e7\u00e3o como estrat\u00e9gia para promo\u00e7\u00e3o da sa\u00fade, equidade nos processos de informa\u00e7\u00e3o e comunica\u00e7\u00e3o em sa\u00fade e sa\u00fade, m\u00eddia e sociedade.\u00a0Quanto \u00e0 submiss\u00e3o dos trabalhos, as orienta\u00e7\u00f5es s\u00e3o as mesmas para as duas modalidades, sendo que a comiss\u00e3o de organiza\u00e7\u00e3o do evento vai definir qual a melhor forma que ser\u00e1 apresentado no encontro, se por meio da Comunica\u00e7\u00e3o Oral Curta ou Resumo Expandido.\u00a0Para verificar as orienta\u00e7\u00f5es e\u00a0submeter\u00a0trabalhos, acesse<span style=\"color: #3366ff;\">\u00a0<a style=\"color: #3366ff;\" href=\"https:\/\/fs.unb.br\/questionario\/index.php\/998279\/lang-pt-BR\" target=\"_blank\">aqui<\/a><\/span>.<\/span><\/p>\n<p style=\"text-align: justify;\"><span style=\"font-family: Georgia, serif; color: #000000;\">De acordo com a professora Val\u00e9ria Mendon\u00e7a, o objetivo do encontro \u00e9 viabilizar reflex\u00e3o e discuss\u00e3o sobre temas da informa\u00e7\u00e3o e comunica\u00e7\u00e3o em sa\u00fade entre profissionais, gestores, pesquisadores, estudantes e comunidade, de forma ampla, de modo que venha a promover sa\u00fade. \u201cSe n\u00e3o criarmos espa\u00e7os para refletirmos temas que surgem da academia, do servi\u00e7o e da comunidade, n\u00e3o conseguiremos propor interven\u00e7\u00f5es que sejam eficazes e continuaremos a gastar milhares e milhares de reais em campanhas publicit\u00e1rias e a popula\u00e7\u00e3o seguir\u00e1 n\u00e3o as compreendendo, pois n\u00e3o s\u00e3o campanhas de promo\u00e7\u00e3o da sa\u00fade e isso n\u00e3o \u00e9 necessariamente um problema da comunica\u00e7\u00e3o, mas de di\u00e1logo\u201d, ressalta Val\u00e9ria.<\/span><\/p>\n<p style=\"text-align: justify;\"><span style=\"font-family: Georgia, serif; color: #000000;\">Desde a terceira edi\u00e7\u00e3o, o Encontro ComSa\u00fade \u00e9 um dos eventos oficiais do calend\u00e1rio da UnB, realizado bienalmente. Em 2015, a atividade contou com a coopera\u00e7\u00e3o internacional da Universit\u00e9 du Qu\u00e9bec \u00e0 Montr\u00e9al (UQ\u00c0M) e do\u00a0Centre de Recherche Sur la Communication et la Sant\u00e9 (<span style=\"color: #3366ff;\"><a style=\"font-style: inherit; font-weight: inherit; color: #3366ff;\" href=\"http:\/\/comsante.uqam.ca\/accueil.html\">ComSant\u00e9<\/a><\/span>), do Canad\u00e1 e, com a coopera\u00e7\u00e3o t\u00e9cnica da representa\u00e7\u00e3o brasileira da Organiza\u00e7\u00e3o das Na\u00e7\u00f5es Unidas para a Educa\u00e7\u00e3o, a Ci\u00eancia e a Cultura (<span style=\"color: #3366ff;\"><a style=\"color: #3366ff;\" href=\"http:\/\/www.unesco.org\/new\/pt\/brasilia\" target=\"_blank\">Unesco<\/a><\/span>).<\/span><\/p>\n","protected":false},"excerpt":{"rendered":"<p>V CONGRESSO INTERNACIONAL DE COMUNICA\u00c7\u00c3O EM SA\u00daDE COMSA\u00daDE \u2013 A COMUNICA\u00c7\u00c3O DE RISCO NO SETOR SA\u00daDE Entre os dias 26 e 29 de mar\u00e7o deste ano a Faculdade de Ci\u00eancias da Sa\u00fade da Universidade de Bras\u00edlia (FS\/UnB) realizar\u00e1, por interm\u00e9dio&#8230;<\/p>\n","protected":false},"author":8,"featured_media":0,"parent":0,"menu_order":0,"comment_status":"closed","ping_status":"open","template":"","meta":{"footnotes":""},"class_list":["post-1224","page","type-page","status-publish","hentry"],"_links":{"self":[{"href":"http:\/\/comsaude.unb.br\/index.php?rest_route=\/wp\/v2\/pages\/1224","targetHints":{"allow":["GET"]}}],"collection":[{"href":"http:\/\/comsaude.unb.br\/index.php?rest_route=\/wp\/v2\/pages"}],"about":[{"href":"http:\/\/comsaude.unb.br\/index.php?rest_route=\/wp\/v2\/types\/page"}],"author":[{"embeddable":true,"href":"http:\/\/comsaude.unb.br\/index.php?rest_route=\/wp\/v2\/users\/8"}],"replies":[{"embeddable":true,"href":"http:\/\/comsaude.unb.br\/index.php?rest_route=%2Fwp%2Fv2%2Fcomments&post=1224"}],"version-history":[{"count":9,"href":"http:\/\/comsaude.unb.br\/index.php?rest_route=\/wp\/v2\/pages\/1224\/revisions"}],"predecessor-version":[{"id":1234,"href":"http:\/\/comsaude.unb.br\/index.php?rest_route=\/wp\/v2\/pages\/1224\/revisions\/1234"}],"wp:attachment":[{"href":"http:\/\/comsaude.unb.br\/index.php?rest_route=%2Fwp%2Fv2%2Fmedia&parent=1224"}],"curies":[{"name":"wp","href":"https:\/\/api.w.org\/{rel}","templated":true}]}}