{"id":1246,"date":"2018-03-05T16:46:31","date_gmt":"2018-03-05T16:46:31","guid":{"rendered":"http:\/\/comsaude.unb.br\/?page_id=1246"},"modified":"2018-03-20T15:55:34","modified_gmt":"2018-03-20T15:55:34","slug":"programacao-do-v-comsaude","status":"publish","type":"page","link":"http:\/\/comsaude.unb.br\/?page_id=1246","title":{"rendered":"Programa\u00e7\u00e3o"},"content":{"rendered":"<p>5\u00aa edi\u00e7\u00e3o do CONGRESSO INTERNACIONAL DE COMUNICA\u00c7\u00c3O EM SA\u00daDE &#8211;\u00a0A COMUNICA\u00c7\u00c3O DE RISCO NO SETOR SA\u00daDE<\/p>\n<p>Local: Audit\u00f3rio 3, Faculdade de Ci\u00eancias da Sa\u00fade da Universidade de Bras\u00edlia (FS\/UnB) &#8211; Campus Universit\u00e1rio Darcy Ribeiro, Bras\u00edlia \u2013 DF.<\/p>\n<p>_____________________________________________<\/p>\n<p><em>1\u00ba dia &gt; 26\/03<\/em><\/p>\n<p style=\"text-align: justify;\"><strong>14h \u00e0s 19h<\/strong> &#8211; Credenciamento<br \/>\n<strong>14h \u00e0s 17h<\/strong> &#8211; Mostra de V\u00eddeos<\/p>\n<p style=\"text-align: justify;\">&#8211; IV Mostra de Filmes do Pop Rua:<strong> Cortes em Riscos<\/strong> \u2013 Observat\u00f3rio da Pol\u00edtica Nacional de Sa\u00fade Integral da Popula\u00e7\u00e3o em Situa\u00e7\u00e3o de Rua (Pop Rua\/NESP\/CEAM\/UnB) &#8211; Coordenador prof. Pedro de Andrade Calil Jabur.<\/p>\n<p style=\"text-align: justify;\">&#8211; Mostra de Filmes: <strong>Mem\u00f3rias LGBT<\/strong> &#8211; Observat\u00f3rio da Pol\u00edtica Nacional de Sa\u00fade Integral LGBT (Observa LGBT\/NESP\/CEAM\/UnB)- Coordenador prof. Edu Turte Cavadinha.<\/p>\n<p style=\"text-align: justify;\"><strong>17h30<\/strong> &#8211; Coffee Break<br \/>\n<strong>18h30 \u00e0s 19h20<\/strong> &#8211; Abertura<br \/>\nLaborat\u00f3rio de Educa\u00e7\u00e3o, Informa\u00e7\u00e3o e Comunica\u00e7\u00e3o em Sa\u00fade (ECOS\/FS\/UnB)<br \/>\nFaculdade de Ci\u00eancias da Sa\u00fade da Universidade de Bras\u00edlia (FS\/UnB)<br \/>\nSecretaria Executiva do Minist\u00e9rio da Sa\u00fade<br \/>\nConselho Nacional de Secretarias Municipais de Sa\u00fade (CONASEMS)<br \/>\nOrganiza\u00e7\u00e3o Panamericana da Sa\u00fade (OPAS)<\/p>\n<p style=\"text-align: justify;\"><strong>19h30 \u00e0s 20h30<\/strong> &#8211; Projeto ArboControl: a\u00e7\u00f5es de educa\u00e7\u00e3o, informa\u00e7\u00e3o e comunica\u00e7\u00e3o para a preven\u00e7\u00e3o das arboviroses, Ana Val\u00e9ria M. Mendon\u00e7a \u2013 (ECOS\/FS\/UnB).<br \/>\n<strong>20h30 \u00e0s 21h30<\/strong> &#8211; Confer\u00eancia Magna &#8211; Afinal, o que \u00e9 Comunica\u00e7\u00e3o de Risco em Sa\u00fade P\u00fablica?<\/p>\n<p style=\"text-align: justify;\">&#8211; Luis David Castiel &#8211; Professor e pesquisador do departamento de Epidemiologia no curso de p\u00f3s-gradua\u00e7\u00e3o em sa\u00fade p\u00fablica da Escola Nacional de Sa\u00fade P\u00fablica, Funda\u00e7\u00e3o Oswaldo Cruz (ENSP\/Fiocruz).<br \/>\n<strong>21h30<\/strong> \u2013 Encerramento<\/p>\n<p>______________________________________________<\/p>\n<p><em>2\u00ba dia &gt; 27\/03<\/em><\/p>\n<p><strong>14h<\/strong> &#8211; Apresenta\u00e7\u00e3o de trabalhos (comunica\u00e7\u00e3o oral);<br \/>\n<strong>17h30<\/strong> &#8211; Coffee Break;<br \/>\n<strong>18h30 \u00e0s 20h30<\/strong> <strong>&#8211; Mesa de debate<\/strong><\/p>\n<p><span style=\"font-weight: 400;\">&#8211; Gest\u00e3o da Informa\u00e7\u00e3o e do Conhecimento: Novas Tecnologias da Informa\u00e7\u00e3o e Comunica\u00e7\u00e3o do Risco em Sa\u00fade.<\/span><\/p>\n<p><span style=\"font-weight: 400;\">&#8211; EpiInfo na Comunica\u00e7\u00e3o de Risco &#8211; Vigil\u00e2ncia &#8211; Mohammad Asadul Islam &#8211; cientista computacional e diretor da equipe de desenvolvimento do EpiInfo no Centers for Disease Control and Prevention (CDC), Atlanta, GA.<\/span><\/p>\n<p><span style=\"font-weight: 400;\">&#8211; Rebecca Levine &#8211; Membro da equipe integrada de gerenciamento de vetores no Centers for Disease Control and Prevention (CDC), Atlanta, GA.<\/span><\/p>\n<p><span style=\"font-weight: 400;\">&#8211; Uso do EpiInfo Vector no Fortalecimento da Comunica\u00e7\u00e3o das equipes de Vigil\u00e2ncia &#8211; Jonas Lotufo Brant \u2013 Departamento de Sa\u00fade Coletiva FS\/UnB.<\/span><\/p>\n<p><span style=\"font-weight: 400;\">&#8211; Comunica\u00e7\u00e3o de Risco nas Redes Sociais &#8211; Santosh Vijaykumar &#8211; Departamento de Psicologia, Universidade Northumbria, Reino Unido.<\/span><\/p>\n<p>Media\u00e7\u00e3o:\u00a0Elias Rassi Neto &#8211; UFG.<\/p>\n<p><strong>20h30 \u00e0s 22h<\/strong> &#8211; ArboControl: resultados preliminares.<\/p>\n<p><strong> Componente 2:<\/strong> Novas tecnologias em sa\u00fade, Jonas Lotufo Brant \u2013 Departamento de Sa\u00fade Coletiva FS\/UnB.<br \/>\n<strong>Componente 3:<\/strong> Educa\u00e7\u00e3o, Informa\u00e7\u00e3o e Comunica\u00e7\u00e3o para o controle do vetor \u2013 \u00c1dria Albarado, Andr\u00e9ia Drummond, Elizabeth Prado, Roberto Carlos, Nat\u00e1lia Andrade e Priscila Torres.<\/p>\n<p>Media\u00e7\u00e3o: Val\u00e9ria Mendon\u00e7a &#8211; ECOS\/FS\/UnB.<br \/>\n<strong>22h<\/strong> \u2013 Encerramento<\/p>\n<p>_____________________________________________<\/p>\n<p><em>3\u00ba dia &gt; 28\/03<\/em><\/p>\n<p><strong>14h<\/strong> &#8211; Apresenta\u00e7\u00e3o de trabalhos (comunica\u00e7\u00e3o oral)<br \/>\n<strong>17h30<\/strong> &#8211; Coffee Break<br \/>\n<strong>18h30 \u00e0s 21h<\/strong> &#8211; Relatos de Experi\u00eancias;<\/p>\n<p><span style=\"font-weight: 400;\">&#8211; A comunica\u00e7\u00e3o de Risco em Cuba &#8211; Niurka Gonz\u00e1lez Escalona \u2013 Faculdade de Comunica\u00e7\u00e3o &#8211; Universidade de Havana, Cuba;<\/span><\/p>\n<p><span style=\"font-weight: 400;\">&#8211; A comunica\u00e7\u00e3o de Risco no Peru &#8211; Estela Roeder;<\/span><\/p>\n<p><span style=\"font-weight: 400;\">&#8211; A comunica\u00e7\u00e3o de Risco no Brasil- M\u00e1rcia Turcato &#8211; NUCOM\/SVS\/MS<\/span><\/p>\n<p><span style=\"font-weight: 400;\">&#8211; A comunica\u00e7\u00e3o de risco em Minas Gerais &#8211; Susan Prado &#8211; Setor de Mobiliza\u00e7\u00e3o da Secretaria de Sa\u00fade de Minas Gerais MG;<\/span><\/p>\n<p><span style=\"font-weight: 400;\">&#8211; A comunica\u00e7\u00e3o de Risco no Distrito Federal &#8211; Fabiana &#8211; GRSS DIVISA.<\/span><\/p>\n<p>Media\u00e7\u00e3o: Mariella Oliveira-Costa &#8211; ECOS\/FS\/UnB e Fiocruz Bras\u00edlia<br \/>\n<strong>22h<\/strong> \u2013 Encerramento.<\/p>\n<p><a href=\"https:\/\/fs.unb.br\/questionario\/index.php\/192715\/lang-pt-BR\" target=\"_blank\">Participe<\/a>!<\/p>\n","protected":false},"excerpt":{"rendered":"<p>5\u00aa edi\u00e7\u00e3o do CONGRESSO INTERNACIONAL DE COMUNICA\u00c7\u00c3O EM SA\u00daDE &#8211;\u00a0A COMUNICA\u00c7\u00c3O DE RISCO NO SETOR SA\u00daDE Local: Audit\u00f3rio 3, Faculdade de Ci\u00eancias da Sa\u00fade da Universidade de Bras\u00edlia (FS\/UnB) &#8211; Campus Universit\u00e1rio Darcy Ribeiro, Bras\u00edlia \u2013 DF. _____________________________________________ 1\u00ba dia&#8230;<\/p>\n","protected":false},"author":8,"featured_media":0,"parent":0,"menu_order":0,"comment_status":"closed","ping_status":"closed","template":"","meta":{"footnotes":""},"class_list":["post-1246","page","type-page","status-publish","hentry"],"_links":{"self":[{"href":"http:\/\/comsaude.unb.br\/index.php?rest_route=\/wp\/v2\/pages\/1246","targetHints":{"allow":["GET"]}}],"collection":[{"href":"http:\/\/comsaude.unb.br\/index.php?rest_route=\/wp\/v2\/pages"}],"about":[{"href":"http:\/\/comsaude.unb.br\/index.php?rest_route=\/wp\/v2\/types\/page"}],"author":[{"embeddable":true,"href":"http:\/\/comsaude.unb.br\/index.php?rest_route=\/wp\/v2\/users\/8"}],"replies":[{"embeddable":true,"href":"http:\/\/comsaude.unb.br\/index.php?rest_route=%2Fwp%2Fv2%2Fcomments&post=1246"}],"version-history":[{"count":14,"href":"http:\/\/comsaude.unb.br\/index.php?rest_route=\/wp\/v2\/pages\/1246\/revisions"}],"predecessor-version":[{"id":1272,"href":"http:\/\/comsaude.unb.br\/index.php?rest_route=\/wp\/v2\/pages\/1246\/revisions\/1272"}],"wp:attachment":[{"href":"http:\/\/comsaude.unb.br\/index.php?rest_route=%2Fwp%2Fv2%2Fmedia&parent=1246"}],"curies":[{"name":"wp","href":"https:\/\/api.w.org\/{rel}","templated":true}]}}